{"id":538,"date":"2015-02-14T08:59:00","date_gmt":"2015-02-14T08:59:00","guid":{"rendered":"http:\/\/demo.wpcharming.com\/construction\/?page_id=538"},"modified":"2015-02-14T08:59:00","modified_gmt":"2015-02-14T08:59:00","slug":"home-extended","status":"publish","type":"page","link":"https:\/\/avcogroups.com\/en\/home-extended\/","title":{"rendered":"Home Extended"},"content":{"rendered":"<p>[vc_row row_type=&#8221;row_fullwidth_content&#8221; bg_position=&#8221;left top&#8221; bg_repeat=&#8221;no-repeat&#8221; row_text_color=&#8221;row_text_select&#8221; border_style=&#8221;solid&#8221; margin_top=&#8221;-80&#8243; padding_bottom=&#8221;0&#8243; class=&#8221;fit-screen&#8221;][vc_column width=&#8221;1\/1&#8243;][rev_slider_vc alias=&#8221;Home1Extended&#8221;][\/vc_column][\/vc_row][vc_row row_type=&#8221;row_full_center_content&#8221; bg_color=&#8221;#fab702&#8243; bg_position=&#8221;left top&#8221; bg_repeat=&#8221;no-repeat&#8221; row_text_color=&#8221;row_text_select&#8221; border_style=&#8221;solid&#8221; padding_top=&#8221;20&#8243; padding_bottom=&#8221;20&#8243;][vc_column width=&#8221;3\/4&#8243; el_class=&#8221;mobile-center&#8221;][vc_column_text]<\/p>\n<h3><span style=\"color: #ffffff; display: block; margin-top: 2px;\">Contractors &amp; Construction Managers Since 1989.<\/span><\/h3>\n<p>[\/vc_column_text][\/vc_column][vc_column width=&#8221;1\/4&#8243; el_class=&#8221;mobile-center&#8221;][vc_button title=&#8221;GET A QUOTE&#8221; color=&#8221;ghost&#8221; size=&#8221;regular&#8221; margin_top=&#8221;0&#8243; margin_bottom=&#8221;0&#8243; link=&#8221;url:http%3A%2F%2Flocalhost%2Fcharming%2Fconstruction%2Fconstruction%2Fcontact-us%2F||&#8221; el_class=&#8221;right&#8221; target=&#8221;false&#8221; position=&#8221;left&#8221;][\/vc_column][\/vc_row][vc_row row_type=&#8221;row_full_center_content&#8221; bg_position=&#8221;left top&#8221; bg_repeat=&#8221;no-repeat&#8221; row_text_color=&#8221;row_text_select&#8221; border_style=&#8221;solid&#8221; class=&#8221;mobile-no-margin-top inverted-row&#8221; padding_top=&#8221;70&#8243; padding_bottom=&#8221;50&#8243;][vc_column width=&#8221;1\/3&#8243;]\n\t<div class=\"wpb_content_element featured-box \" >\n\t\t\t<div class=\"featured-box-thumb\">\n\t\t\t\t\t<a class=\"popup-video\" href=\"https:\/\/www.youtube.com\/watch?v=ZhCyoDlltbo\">\n\t\t\t\t\t\t<img decoding=\"async\" src=\"\">\n\t\t\t\t\t\t<span class=\"video_icon\"><i class=\"fa fa-play\"><\/i><\/span>\n\t\t\t\t\t<\/a>\n\t\t\t<\/div>\n\t\t\t<div class=\"featured-box-content\"><h4>Best House Renovation<\/h4>\n\t\t\t\t\t<div class=\"featured-box-desc\"><p>Constructor explains how you can enjoy high end flooring trends like textured wood and realistic stones with new laminate flooring.<\/p>\n\t\t\t\t\t<\/div>\n\t\t\t\t\t<div class=\"featured-box-button\">\n\t\t\t\t\t\t<a title=\"\" target=\"\" href=\"#\" class=\"\">Read More<\/a>\n\t\t\t\t\t<\/div>\n\t\t\t<\/div>\n\t<\/div>[\/vc_column][vc_column width=&#8221;1\/3&#8243;]\n\t<div class=\"wpb_content_element featured-box \" >\n\t\t\t<div class=\"featured-box-thumb\">\n\t\t\t\t\t<a class=\"popup-video\" href=\"https:\/\/www.youtube.com\/watch?v=ZhCyoDlltbo\">\n\t\t\t\t\t\t<img decoding=\"async\" src=\"\">\n\t\t\t\t\t\t<span class=\"video_icon\"><i class=\"fa fa-play\"><\/i><\/span>\n\t\t\t\t\t<\/a>\n\t\t\t<\/div>\n\t\t\t<div class=\"featured-box-content\"><h4>The Effective Teamwork<\/h4>\n\t\t\t\t\t<div class=\"featured-box-desc\"><p>As the general contractor, we first create the highest level of trust and integrity with our clients. We value our role in the success of your project.<\/p>\n\t\t\t\t\t<\/div>\n\t\t\t\t\t<div class=\"featured-box-button\">\n\t\t\t\t\t\t<a title=\"\" target=\"\" href=\"#\" class=\"\">The Benefits<\/a>\n\t\t\t\t\t<\/div>\n\t\t\t<\/div>\n\t<\/div>[\/vc_column][vc_column width=&#8221;1\/3&#8243;]\n\t<div class=\"wpb_content_element featured-box \" >\n\t\t\t<div class=\"featured-box-thumb\"><a title=\"\" target=\"\" href=\"#\"><img decoding=\"async\" src=\"\"><\/a>\n\t\t\t<\/div>\n\t\t\t<div class=\"featured-box-content\"><h4>The Green Building<\/h4>\n\t\t\t\t\t<div class=\"featured-box-desc\"><p>Green construction refers to a structure and using process that is environmentally responsible and resource-efficient throughout a building's life-cycle.<\/p>\n\t\t\t\t\t<\/div>\n\t\t\t\t\t<div class=\"featured-box-button\">\n\t\t\t\t\t\t<a title=\"\" target=\"\" href=\"#\" class=\"\">The Progress<\/a>\n\t\t\t\t\t<\/div>\n\t\t\t<\/div>\n\t<\/div>[\/vc_column][\/vc_row][vc_row row_type=&#8221;row_fullwidth_content&#8221; bg_position=&#8221;left top&#8221; bg_repeat=&#8221;no-repeat&#8221; row_text_color=&#8221;row_text_select&#8221; border_style=&#8221;solid&#8221; padding_bottom=&#8221;0&#8243; class=&#8221;fit-screen&#8221; bg_color=&#8221;#222222&#8243; padding_top=&#8221;60&#8243;][vc_column width=&#8221;1\/1&#8243;]\n\t<div class=\"custom-heading wpb_content_element  text-center\">\n\t\t<h2 class=\"heading-title\"  style=\"color: #ffffff;\">Featured Works<\/h2>\n\t\t<span class=\"heading-line \"style=\"background-color: #444444\"><\/span>\n\t<\/div>[\/vc_column][\/vc_row][vc_row row_type=&#8221;row_full_center_content&#8221; bg_position=&#8221;left top&#8221; bg_repeat=&#8221;no-repeat&#8221; row_text_color=&#8221;row_text_select&#8221; border_style=&#8221;solid&#8221; padding_top=&#8221;60&#8243; padding_bottom=&#8221;20&#8243;][vc_column width=&#8221;1\/1&#8243;]\n\t<div class=\"custom-heading wpb_content_element \">\n\t\t<h2 class=\"heading-title\" >What We Do<\/h2>\n\t\t<span class=\"heading-line primary\"><\/span>\n\t<\/div>\n\t<div class=\"child-page-wrapper \">\n\t\t\t<script type=\"text\/javascript\">\n\t\t\t\tjQuery(document).ready(function(){\n\t\t\t\t\t\"use strict\";\n\t\t\t\t\tjQuery(\".carousel-wrapper-69ef771269806\").slick({\n\t\t\t\t\t\trtl: false,\n\t\t\t\t\t\tslidesToShow: 3,\n                        autoplay: false ,\n                        autoplaySpeed: 3000 ,\n                        speed: 300 ,\n\t\t\t\t\t\tslidesToScroll: 1,\n\t\t\t\t\t\tdraggable: false,\n\t\t\t\t\t\tprevArrow: \"<span class='carousel-prev'><i class='fa fa-angle-left'><\/i><\/span>\",\n        \t\t\t\tnextArrow: \"<span class='carousel-next'><i class='fa fa-angle-right'><\/i><\/span>\",\n        \t\t\t\tresponsive: [{\n\t\t\t\t\t\t    breakpoint: 1024,\n\t\t\t\t\t\t    settings: {\n\t\t\t\t\t\t    slidesToShow: 3\n\t\t\t\t\t\t    }\n\t\t\t\t\t\t},\n\t\t\t\t\t\t{\n\t\t\t\t\t\t    breakpoint: 600,\n\t\t\t\t\t\t    settings: {\n\t\t\t\t\t\t    slidesToShow: 2\n\t\t\t\t\t\t    }\n\t\t\t\t\t\t},\n\t\t\t\t\t\t{\n\t\t\t\t\t\t    breakpoint: 480,\n\t\t\t\t\t\t    settings: {\n\t\t\t\t\t\t    slidesToShow: 1\n\t\t\t\t\t\t    }\n\t\t\t\t\t\t}]\n\t\t\t\t\t});\n\t\t\t\t});\n\t\t\t<\/script>Sorry, there is no child pages under your selected page.\n\t<\/div>[\/vc_column][\/vc_row][vc_row row_type=&#8221;row_full_center_content&#8221; bg_image=&#8221;510&#8243; bg_position=&#8221;left top&#8221; bg_repeat=&#8221;no-repeat&#8221; row_color_overlay=&#8221;#fab702&#8243; row_text_color=&#8221;row_text_light&#8221; border_style=&#8221;solid&#8221; padding_top=&#8221;150&#8243; padding_bottom=&#8221;150&#8243; row_parallax=&#8221;false&#8221;][vc_column width=&#8221;2\/3&#8243;][vc_column_text]<\/p>\n<h5 class=\"medium-heading-inverted\">Working with us<em><br \/>\n<\/em><\/h5>\n<h1 class=\"large-heading-inverted\"><strong>Contractors &amp; Construction<br \/>\nManagers Since 1989<\/strong><\/h1>\n<p>[\/vc_column_text][vc_button title=&#8221;Get A Quote&#8221; color=&#8221;ghost&#8221; size=&#8221;regular&#8221; link=&#8221;url:%23||&#8221; margin_top=&#8221;-20&#8243;][\/vc_column][vc_column width=&#8221;1\/3&#8243;][\/vc_column][\/vc_row][vc_row row_type=&#8221;row_full_center_content&#8221; bg_position=&#8221;left top&#8221; bg_repeat=&#8221;no-repeat&#8221; row_parallax=&#8221;&#8221; row_video_bg=&#8221;&#8221; row_text_color=&#8221;row_text_select&#8221; border_style=&#8221;solid&#8221; padding_top=&#8221;50&#8243; padding_bottom=&#8221;30&#8243; row_meta_color=&#8221;false&#8221;][vc_column width=&#8221;1\/1&#8243;]\n\t<div class=\"custom-heading wpb_content_element \">\n\t\t<h2 class=\"heading-title\" >Recent News<\/h2>\n\t\t<span class=\"heading-line primary\"><\/span>\n\t<\/div>\n\t<div class=\"child-page-wrapper recent-news-wrapper \">\n\t\t\t\t\t<script type=\"text\/javascript\">\n\t\t\t\t\t\tjQuery(document).ready(function(){\n\t\t\t\t\t\t\t\"use strict\";\n\t\t\t\t\t\t\tjQuery(\".recent-news-carousel-69ef77126ac85\").slick({\n\t\t\t\t\t\t\t\trtl: false,\n\t\t\t\t\t\t\t\tslidesToShow: 3,\n\t\t\t\t\t\t\t\tautoplay: false ,\n\t\t                        autoplaySpeed: 3000 ,\n\t\t                        speed: 300 ,\n\t\t\t\t\t\t\t\tslidesToScroll: 1,\n\t\t\t\t\t\t\t\tdraggable: false,\n\t\t\t\t\t\t\t\tprevArrow: \"<span class='carousel-prev'><i class='fa fa-angle-left'><\/i><\/span>\",\n\t\t        \t\t\t\tnextArrow: \"<span class='carousel-next'><i class='fa fa-angle-right'><\/i><\/span>\",\n\t\t        \t\t\t\tresponsive: [{\n\t\t\t\t\t\t\t\t    breakpoint: 1024,\n\t\t\t\t\t\t\t\t    settings: {\n\t\t\t\t\t\t\t\t    slidesToShow: 3\n\t\t\t\t\t\t\t\t    }\n\t\t\t\t\t\t\t\t},\n\t\t\t\t\t\t\t\t{\n\t\t\t\t\t\t\t\t    breakpoint: 600,\n\t\t\t\t\t\t\t\t    settings: {\n\t\t\t\t\t\t\t\t    slidesToShow: 2\n\t\t\t\t\t\t\t\t    }\n\t\t\t\t\t\t\t\t},\n\t\t\t\t\t\t\t\t{\n\t\t\t\t\t\t\t\t    breakpoint: 480,\n\t\t\t\t\t\t\t\t    settings: {\n\t\t\t\t\t\t\t\t    slidesToShow: 1\n\t\t\t\t\t\t\t\t    }\n\t\t\t\t\t\t\t\t}]\n\t\t\t\t\t\t\t});\n\t\t\t\t\t\t});\n\t\t\t\t\t<\/script>\n\t\t\t\t<div class=\"grid-wrapper grid-3-columns grid-row recent-news-carousel-69ef77126ac85\">\n\t\t\t\t\t<div class=\"grid-item grid-sm-6 grid-md-4\">\n\t\t\t\t\t\t<h4 class=\"grid-title\"><a href=\"https:\/\/avcogroups.com\/en\/merhaba-dunya\/\" rel=\"bookmark\">Merhaba d\u00fcnya!<\/a><\/h4>\n\n\t\t\t\t\t\t<div class=\"recent-news-meta\">\n\t\t\t\t\t\t\t<span class=\"post-date\"><i class=\"fa fa-file-text-o\"><\/i> <time class=\"entry-date published updated\" datetime=\"2023-04-02T18:18:39+00:00\">Sunday April  2nd, 2023<\/time><\/span>\n\t\t\t\t\t\t\t<span class=\"comments-link\"><i class=\"fa fa-comments-o\"><\/i> <a href=\"https:\/\/avcogroups.com\/en\/merhaba-dunya\/#comments\">1 Comment<\/a><\/span>\n\t\t\t\t\t\t<\/div>\n\n\t\t\t\t\t\t<p>WordPress&#8217;e ho\u015f geldiniz. Bu sizin ilk yaz\u0131n\u0131z. Bu yaz\u0131y\u0131 d\u00fczenleyin ya da silin. Sonra yazmaya ba\u015flay\u0131n!<\/p>\n\n\t\t\t\t\t\t<a class=\"btn btn-light btn-small\" href=\"https:\/\/avcogroups.com\/en\/merhaba-dunya\/\" title=\"Merhaba d\u00fcnya!\">Read More<\/a>\n\n\t\t\t\t\t<\/div>\n\t\t\t\t\t\n\t\t\t\t\t<div class=\"grid-item grid-sm-6 grid-md-4\">\n\t\t\t\t\t\t<div class=\"grid-thumbnail\">\n\t\t\t\t\t\t\t<a href=\"https:\/\/avcogroups.com\/en\/finding-new-buildings-in-the-dust-of-the-old\/\" title=\"Finding New Buildings in the Dust of the Old\"><\/a>\n\t\t\t\t\t\t<\/div>\n\t\t\t\t\t\t<h4 class=\"grid-title\"><a href=\"https:\/\/avcogroups.com\/en\/finding-new-buildings-in-the-dust-of-the-old\/\" rel=\"bookmark\">Finding New Buildings in the Dust of the Old<\/a><\/h4>\n\n\t\t\t\t\t\t<div class=\"recent-news-meta\">\n\t\t\t\t\t\t\t<span class=\"post-date\"><i class=\"fa fa-file-text-o\"><\/i> <time class=\"entry-date published updated\" datetime=\"2015-02-12T09:53:58+00:00\">Thursday February 12th, 2015<\/time><\/span>\n\t\t\t\t\t\t\t<span class=\"comments-link\"><i class=\"fa fa-comments-o\"><\/i> <a href=\"https:\/\/avcogroups.com\/en\/finding-new-buildings-in-the-dust-of-the-old\/#respond\">No Comments<\/a><\/span>\n\t\t\t\t\t\t<\/div>\n\n\t\t\t\t\t\t<p>With the continued and growing emphasis on sustainability in construction\u00a0we could be on the verge of a radical shift in how ...<\/p>\n\n\t\t\t\t\t\t<a class=\"btn btn-light btn-small\" href=\"https:\/\/avcogroups.com\/en\/finding-new-buildings-in-the-dust-of-the-old\/\" title=\"Finding New Buildings in the Dust of the Old\">Read More<\/a>\n\n\t\t\t\t\t<\/div>\n\t\t\t\t\t\n\t\t\t\t\t<div class=\"grid-item grid-sm-6 grid-md-4\">\n\t\t\t\t\t\t<div class=\"grid-thumbnail\">\n\t\t\t\t\t\t\t<a href=\"https:\/\/avcogroups.com\/en\/how-to-build-a-construction-marketing-plan\/\" title=\"How To Build A Construction Plan\"><\/a>\n\t\t\t\t\t\t<\/div>\n\t\t\t\t\t\t<h4 class=\"grid-title\"><a href=\"https:\/\/avcogroups.com\/en\/how-to-build-a-construction-marketing-plan\/\" rel=\"bookmark\">How To Build A Construction Plan<\/a><\/h4>\n\n\t\t\t\t\t\t<div class=\"recent-news-meta\">\n\t\t\t\t\t\t\t<span class=\"post-date\"><i class=\"fa fa-file-text-o\"><\/i> <time class=\"entry-date published updated\" datetime=\"2015-02-12T09:50:24+00:00\">Thursday February 12th, 2015<\/time><\/span>\n\t\t\t\t\t\t\t<span class=\"comments-link\"><i class=\"fa fa-comments-o\"><\/i> <a href=\"https:\/\/avcogroups.com\/en\/how-to-build-a-construction-marketing-plan\/#respond\">No Comments<\/a><\/span>\n\t\t\t\t\t\t<\/div>\n\n\t\t\t\t\t\t<p>Learn how to market your contractor business professionally. In depth knowledge of attracting clients with online marketing strategies and deep thinking ...<\/p>\n\n\t\t\t\t\t\t<a class=\"btn btn-light btn-small\" href=\"https:\/\/avcogroups.com\/en\/how-to-build-a-construction-marketing-plan\/\" title=\"How To Build A Construction Plan\">Read More<\/a>\n\n\t\t\t\t\t<\/div>\n\t\t\t\t\t\n\t\t\t\t\t<div class=\"grid-item grid-sm-6 grid-md-4\">\n\t\t\t\t\t\t<div class=\"grid-thumbnail\">\n\t\t\t\t\t\t\t<a href=\"https:\/\/avcogroups.com\/en\/construction-honored-with-agc-best-builders\/\" title=\"Construction Honored with AGC Builders\"><\/a>\n\t\t\t\t\t\t<\/div>\n\t\t\t\t\t\t<h4 class=\"grid-title\"><a href=\"https:\/\/avcogroups.com\/en\/construction-honored-with-agc-best-builders\/\" rel=\"bookmark\">Construction Honored with AGC Builders<\/a><\/h4>\n\n\t\t\t\t\t\t<div class=\"recent-news-meta\">\n\t\t\t\t\t\t\t<span class=\"post-date\"><i class=\"fa fa-file-text-o\"><\/i> <time class=\"entry-date published updated\" datetime=\"2015-02-12T09:47:09+00:00\">Thursday February 12th, 2015<\/time><\/span>\n\t\t\t\t\t\t\t<span class=\"comments-link\"><i class=\"fa fa-comments-o\"><\/i> <a href=\"https:\/\/avcogroups.com\/en\/construction-honored-with-agc-best-builders\/#respond\">No Comments<\/a><\/span>\n\t\t\t\t\t\t<\/div>\n\n\t\t\t\t\t\t<p>Last night, Construction was honored to accept a Best Builders Award from the Associated General Contractors of Vermont for the construction ...<\/p>\n\n\t\t\t\t\t\t<a class=\"btn btn-light btn-small\" href=\"https:\/\/avcogroups.com\/en\/construction-honored-with-agc-best-builders\/\" title=\"Construction Honored with AGC Builders\">Read More<\/a>\n\n\t\t\t\t\t<\/div>\n\t\t\t\t\t\n\t\t\t\t\t<div class=\"grid-item grid-sm-6 grid-md-4\">\n\t\t\t\t\t\t<div class=\"grid-thumbnail\">\n\t\t\t\t\t\t\t<a href=\"https:\/\/avcogroups.com\/en\/construction-forklift-buyers-guide\/\" title=\"Construction Forklift Buyers Guide\"><\/a>\n\t\t\t\t\t\t<\/div>\n\t\t\t\t\t\t<h4 class=\"grid-title\"><a href=\"https:\/\/avcogroups.com\/en\/construction-forklift-buyers-guide\/\" rel=\"bookmark\">Construction Forklift Buyers Guide<\/a><\/h4>\n\n\t\t\t\t\t\t<div class=\"recent-news-meta\">\n\t\t\t\t\t\t\t<span class=\"post-date\"><i class=\"fa fa-file-text-o\"><\/i> <time class=\"entry-date published updated\" datetime=\"2015-02-12T08:54:09+00:00\">Thursday February 12th, 2015<\/time><\/span>\n\t\t\t\t\t\t\t<span class=\"comments-link\"><i class=\"fa fa-comments-o\"><\/i> <a href=\"https:\/\/avcogroups.com\/en\/construction-forklift-buyers-guide\/#respond\">No Comments<\/a><\/span>\n\t\t\t\t\t\t<\/div>\n\n\t\t\t\t\t\t<p>A forklift used at one construction site might not be the best for\u00a0another. Specific construction tasks vary, as do weight and ...<\/p>\n\n\t\t\t\t\t\t<a class=\"btn btn-light btn-small\" href=\"https:\/\/avcogroups.com\/en\/construction-forklift-buyers-guide\/\" title=\"Construction Forklift Buyers Guide\">Read More<\/a>\n\n\t\t\t\t\t<\/div>\n\t\t\t\t\t\n\t\t\t\t<\/div>\n\t<\/div>[\/vc_column][\/vc_row][vc_row row_type=&#8221;row_full_center_content&#8221; bg_position=&#8221;left top&#8221; bg_repeat=&#8221;no-repeat&#8221; row_text_color=&#8221;row_text_select&#8221; border_style=&#8221;solid&#8221; padding_bottom=&#8221;10&#8243; padding_top=&#8221;60&#8243;][vc_column]\n\t<div class=\"custom-heading wpb_content_element \" style=\"margin-bottom: 40px;\">\n\t\t<h2 class=\"heading-title\" >Testimonials<\/h2>\n\t\t<span class=\"heading-line primary\"><\/span>\n\t<\/div>[\/vc_column][vc_column width=&#8221;1\/2&#8243;]\n\t<div class=\"testimonial\">\n\t\t<div class=\"testimonial-content\">\n\t\t\t<p>Dummy text is text that is used in the publishing industry or by web designers to occupy the space which will later be filled with \u2018real\u2019 content. This is required when, for example, the final text is not yet available.<\/p>\n\t\t<\/div>\n\t\t<div class=\"testimonial-header clearfix\">\n\t\t\t\t<div class=\"testimonial-avatar\"><img decoding=\"async\" src=\"\" alt=\"Howard K. Stern\"><\/div>\n\t\t\t<div class=\"testimonial-name font-heading\">Howard K. Stern<\/div>\n\t\t<\/div>\n\t<\/div>[\/vc_column][vc_column width=&#8221;1\/2&#8243;]\n\t<div class=\"testimonial\">\n\t\t<div class=\"testimonial-content\">\n\t\t\t<p>I've been happy with the services provided by Construction LLC. Scooter Libby has been wonderful! He has returned my calls quickly, and he answered all my questions. This is required when, for example, the final text is not yet available.<br \/>\n<\/p>\n\t\t<\/div>\n\t\t<div class=\"testimonial-header clearfix\">\n\t\t\t\t<div class=\"testimonial-avatar\"><img decoding=\"async\" src=\"\" alt=\"Thomas More\"><\/div>\n\t\t\t<div class=\"testimonial-name font-heading\">Thomas More<\/div>\n\t\t<\/div>\n\t<\/div>[\/vc_column][\/vc_row][vc_row row_type=&#8221;row_full_center_content&#8221; bg_position=&#8221;left top&#8221; bg_repeat=&#8221;no-repeat&#8221; row_text_color=&#8221;row_text_select&#8221; border_style=&#8221;solid&#8221; padding_top=&#8221;60&#8243;][vc_column width=&#8221;1\/1&#8243;]\n\t<div class=\"custom-heading wpb_content_element \">\n\t\t<h2 class=\"heading-title\" >Our Clients<\/h2>\n\t\t<span class=\"heading-line primary\"><\/span>\n\t<\/div>[vc_column_text]<\/p>\n<table class=\"client-table\">\n<tbody>\n<tr>\n<td><a href=\"#\"><img decoding=\"async\" src=\"http:\/\/demo.wpcharming.com\/construction\/wp-content\/uploads_blur\/2015\/02\/logo1.png\" alt=\"\" \/><\/a><\/td>\n<td><a href=\"#\"><img decoding=\"async\" src=\"http:\/\/demo.wpcharming.com\/construction\/wp-content\/uploads_blur\/2015\/02\/logo2.png\" alt=\"\" \/><\/a><\/td>\n<td><a href=\"#\"><img decoding=\"async\" src=\"http:\/\/demo.wpcharming.com\/construction\/wp-content\/uploads_blur\/2015\/02\/logo3.png\" alt=\"\" \/><\/a><\/td>\n<td><a href=\"#\"><img decoding=\"async\" src=\"http:\/\/demo.wpcharming.com\/construction\/wp-content\/uploads_blur\/2015\/02\/logo4.png\" alt=\"\" \/><\/a><\/td>\n<td><a href=\"#\"><img decoding=\"async\" src=\"http:\/\/demo.wpcharming.com\/construction\/wp-content\/uploads_blur\/2015\/02\/logo5.png\" alt=\"\" \/><\/a><\/td>\n<td><a href=\"#\"><img decoding=\"async\" src=\"http:\/\/demo.wpcharming.com\/construction\/wp-content\/uploads_blur\/2015\/02\/logo6.png\" alt=\"\" \/><\/a><\/td>\n<\/tr>\n<\/tbody>\n<\/table>\n<p>[\/vc_column_text][\/vc_column][\/vc_row]<\/p>\n","protected":false},"excerpt":{"rendered":"<p>[vc_row row_type=&#8221;row_fullwidth_content&#8221; bg_position=&#8221;left top&#8221; bg_repeat=&#8221;no-repeat&#8221; row_text_color=&#8221;row_text_select&#8221; border_style=&#8221;solid&#8221; margin_top=&#8221;-80&#8243; padding_bottom=&#8221;0&#8243; class=&#8221;fit-screen&#8221;][vc_column width=&#8221;1\/1&#8243;][rev_slider_vc alias=&#8221;Home1Extended&#8221;][\/vc_column][\/vc_row][vc_row row_type=&#8221;row_full_center_content&#8221; bg_color=&#8221;#fab702&#8243; bg_position=&#8221;left top&#8221; bg_repeat=&#8221;no-repeat&#8221; row_text_color=&#8221;row_text_select&#8221; border_style=&#8221;solid&#8221; padding_top=&#8221;20&#8243; padding_bottom=&#8221;20&#8243;][vc_column &#8230;<\/p>\n","protected":false},"author":1,"featured_media":0,"parent":0,"menu_order":0,"comment_status":"open","ping_status":"open","template":"","meta":{"footnotes":""},"class_list":["post-538","page","type-page","status-publish","hentry"],"_links":{"self":[{"href":"https:\/\/avcogroups.com\/en\/wp-json\/wp\/v2\/pages\/538","targetHints":{"allow":["GET"]}}],"collection":[{"href":"https:\/\/avcogroups.com\/en\/wp-json\/wp\/v2\/pages"}],"about":[{"href":"https:\/\/avcogroups.com\/en\/wp-json\/wp\/v2\/types\/page"}],"author":[{"embeddable":true,"href":"https:\/\/avcogroups.com\/en\/wp-json\/wp\/v2\/users\/1"}],"replies":[{"embeddable":true,"href":"https:\/\/avcogroups.com\/en\/wp-json\/wp\/v2\/comments?post=538"}],"version-history":[{"count":0,"href":"https:\/\/avcogroups.com\/en\/wp-json\/wp\/v2\/pages\/538\/revisions"}],"wp:attachment":[{"href":"https:\/\/avcogroups.com\/en\/wp-json\/wp\/v2\/media?parent=538"}],"curies":[{"name":"wp","href":"https:\/\/api.w.org\/{rel}","templated":true}]}}