{"id":833,"date":"2023-04-09T19:01:11","date_gmt":"2023-04-09T16:01:11","guid":{"rendered":"https:\/\/avcogroups.com\/?page_id=833"},"modified":"2023-06-27T15:47:15","modified_gmt":"2023-06-27T12:47:15","slug":"teklif-formu","status":"publish","type":"page","link":"https:\/\/avcogroups.com\/ru\/teklif-formu\/","title":{"rendered":"\u0424\u043e\u0440\u043c\u0430 \u0437\u0430 \u043f\u0440\u0435\u0434\u043b\u043e\u0436\u0435\u043d\u0438\u0435"},"content":{"rendered":"<p>[vc_row][vc_column]\n\t<div class=\"custom-heading wpb_content_element \">\n\t\t<h2 class=\"heading-title\" >\u0424\u043e\u0440\u043c\u0430 \u0437\u0430 \u043f\u0440\u0435\u0434\u043b\u043e\u0436\u0435\u043d\u0438\u0435<\/h2>\n\t<\/div>\n<div class=\"wpcf7 no-js\" id=\"wpcf7-f956-o3\" lang=\"tr-TR\" dir=\"ltr\">\n<div class=\"screen-reader-response\"><p role=\"status\" aria-live=\"polite\" aria-atomic=\"true\"><\/p> <ul><\/ul><\/div>\n<form action=\"\/ru\/wp-json\/wp\/v2\/pages\/833#wpcf7-f956-o3\" method=\"post\" class=\"wpcf7-form init\" aria-label=\"Contact form\" novalidate=\"novalidate\" data-status=\"init\">\n<div style=\"display: none;\">\n<input type=\"hidden\" name=\"_wpcf7\" value=\"956\" \/>\n<input type=\"hidden\" name=\"_wpcf7_version\" value=\"5.7.5.1\" \/>\n<input type=\"hidden\" name=\"_wpcf7_locale\" value=\"tr_TR\" \/>\n<input type=\"hidden\" name=\"_wpcf7_unit_tag\" value=\"wpcf7-f956-o3\" \/>\n<input type=\"hidden\" name=\"_wpcf7_container_post\" value=\"0\" \/>\n<input type=\"hidden\" name=\"_wpcf7_posted_data_hash\" value=\"\" \/>\n<\/div>\n<div class=\"row_inner_wrapper  clearfix\">\n\t<div class=\"wpb_column vc_column_container vc_col-sm-4\" style=\"padding:0px;\">\n\t\t<div class=\"form-item\">\n\t\t\t<p><label><br \/>\nAd\u0131n\u0131z Soyad\u0131n\u0131z *<br \/>\n<\/label><br \/>\n<span class=\"wpcf7-form-control-wrap\" data-name=\"your-name\"><input size=\"40\" class=\"wpcf7-form-control wpcf7-text wpcf7-validates-as-required\" aria-required=\"true\" aria-invalid=\"false\" value=\"\" type=\"text\" name=\"your-name\" \/><\/span>\n\t\t\t<\/p>\n\t\t<\/div>\n\t<\/div>\n\t<div class=\"wpb_column vc_column_container vc_col-sm-4\" style=\"padding:0px 0px 0px 0px;\">\n\t\t<div class=\"form-item\">\n\t\t\t<p><label><br \/>\nTelefon Numaran\u0131z *<br \/>\n<\/label><br \/>\n<span class=\"wpcf7-form-control-wrap\" data-name=\"tel-688\"><input size=\"40\" class=\"wpcf7-form-control wpcf7-text wpcf7-tel wpcf7-validates-as-required wpcf7-validates-as-tel\" aria-required=\"true\" aria-invalid=\"false\" value=\"\" type=\"tel\" name=\"tel-688\" \/><\/span>\n\t\t\t<\/p>\n\t\t<\/div>\n\t<\/div>\n\t<div class=\"wpb_column vc_column_container vc_col-sm-4\" style=\"padding:0px 0px 0px 0px;\">\n\t\t<div class=\"form-item\">\n\t\t\t<p><label><br \/>\nE-posta Adresiniz *<br \/>\n<\/label><br \/>\n<span class=\"wpcf7-form-control-wrap\" data-name=\"your-email\"><input size=\"40\" class=\"wpcf7-form-control wpcf7-text wpcf7-email wpcf7-validates-as-required wpcf7-validates-as-email\" aria-required=\"true\" aria-invalid=\"false\" value=\"\" type=\"email\" name=\"your-email\" \/><\/span>\n\t\t\t<\/p>\n\t\t<\/div>\n\t<\/div>\n\t<div style=\"clear:both;\">\n\t<\/div>\n\t<div class=\"wpb_column vc_column_container vc_col-sm-4\" style=\"padding:0px;\">\n\t\t<div class=\"form-item\">\n\t\t\t<p><label for=\"company\"><br \/>\nFirman\u0131z\u0131n Ad\u0131<br \/>\n<\/label><br \/>\n<span class=\"wpcf7-form-control-wrap\" data-name=\"text-582\"><input size=\"40\" class=\"wpcf7-form-control wpcf7-text\" aria-invalid=\"false\" value=\"\" type=\"text\" name=\"text-582\" \/><\/span>\n\t\t\t<\/p>\n\t\t<\/div>\n\t<\/div>\n\t<div class=\"wpb_column vc_column_container vc_col-sm-8\" style=\"padding:0px 0px 0px 0px;\">\n\t\t<div class=\"form-item\">\n\t\t\t<p><label for=\"topic\"><br \/>\nKonu *<br \/>\n<\/label><br \/>\n<span class=\"wpcf7-form-control-wrap\" data-name=\"your-subject\"><input size=\"40\" class=\"wpcf7-form-control wpcf7-text wpcf7-validates-as-required\" aria-required=\"true\" aria-invalid=\"false\" value=\"\" type=\"text\" name=\"your-subject\" \/><\/span>\n\t\t\t<\/p>\n\t\t<\/div>\n\t<\/div>\n\t<div style=\"clear:both;\">\n\t<\/div>\n\t<div class=\"wpb_column vc_column_container vc_col-sm-12\" style=\"padding:0px;\">\n\t\t<div class=\"form-item\">\n\t\t\t<p><label for=\"message\"><br \/>\nMesaj\u0131n\u0131z *<br \/>\n<\/label><br \/>\n<span class=\"wpcf7-form-control-wrap\" data-name=\"your-message\"><textarea cols=\"40\" rows=\"10\" class=\"wpcf7-form-control wpcf7-textarea\" aria-invalid=\"false\" name=\"your-message\"><\/textarea><\/span>\n\t\t\t<\/p>\n\t\t<\/div>\n\t<\/div>\n\t<div style=\"clear:both;\">\n\t<\/div>\n\t<div class=\"wpb_column vc_column_container vc_col-sm-6\" style=\"padding:0px;\">\n\t\t<div class=\"form-item\">\n\t\t\t<p><label for=\"message\"><br \/>\nG\u00fcvenlik Sorusu *<br \/>\n<\/label><br \/>\n<span class=\"wpcf7-form-control-wrap\" data-name=\"quiz-435\"><label><span class=\"wpcf7-quiz-label\">2+2=?<\/span> <input size=\"40\" class=\"wpcf7-form-control wpcf7-quiz\" autocomplete=\"off\" aria-required=\"true\" aria-invalid=\"false\" type=\"text\" name=\"quiz-435\" \/><\/label><input type=\"hidden\" name=\"_wpcf7_quiz_answer_quiz-435\" value=\"8d67baf40408fb1ca3095f19e30b2f4a\" \/><\/span>\n\t\t\t<\/p>\n\t\t<\/div>\n\t<\/div>\n\t<div class=\"wpb_column vc_column_container vc_col-sm-6\" style=\"padding:0px;\">\n\t\t<p><label for=\"message\"><br \/>\n&nbsp;<br \/>\n<\/label>\n\t\t<\/p>\n\t\t<p><input class=\"wpcf7-form-control has-spinner wpcf7-submit\" type=\"submit\" value=\"G\u00f6nder\" \/>\n\t\t<\/p>\n\t<\/div>\n<\/div>\n<div style=\"clear:both;\">\n<\/div>\n<div class=\"wpcf7-response-output\" aria-hidden=\"true\"><\/div>\n<\/form>\n<\/div>\n[\/vc_column][\/vc_row]<\/p>","protected":false},"excerpt":{"rendered":"<p>[vc_row][vc_column][\/vc_column][\/vc_row]<\/p>\n","protected":false},"author":1,"featured_media":0,"parent":0,"menu_order":0,"comment_status":"closed","ping_status":"closed","template":"","meta":{"footnotes":""},"class_list":["post-833","page","type-page","status-publish","hentry"],"_links":{"self":[{"href":"https:\/\/avcogroups.com\/ru\/wp-json\/wp\/v2\/pages\/833","targetHints":{"allow":["GET"]}}],"collection":[{"href":"https:\/\/avcogroups.com\/ru\/wp-json\/wp\/v2\/pages"}],"about":[{"href":"https:\/\/avcogroups.com\/ru\/wp-json\/wp\/v2\/types\/page"}],"author":[{"embeddable":true,"href":"https:\/\/avcogroups.com\/ru\/wp-json\/wp\/v2\/users\/1"}],"replies":[{"embeddable":true,"href":"https:\/\/avcogroups.com\/ru\/wp-json\/wp\/v2\/comments?post=833"}],"version-history":[{"count":4,"href":"https:\/\/avcogroups.com\/ru\/wp-json\/wp\/v2\/pages\/833\/revisions"}],"predecessor-version":[{"id":1048,"href":"https:\/\/avcogroups.com\/ru\/wp-json\/wp\/v2\/pages\/833\/revisions\/1048"}],"wp:attachment":[{"href":"https:\/\/avcogroups.com\/ru\/wp-json\/wp\/v2\/media?parent=833"}],"curies":[{"name":"wp","href":"https:\/\/api.w.org\/{rel}","templated":true}]}}